{"id":52538,"date":"2023-02-10T10:21:31","date_gmt":"2023-02-10T10:21:31","guid":{"rendered":"http:\/\/www.cacsa.com.pa\/?page_id=52538"},"modified":"2025-04-11T11:29:38","modified_gmt":"2025-04-11T16:29:38","slug":"afiliese","status":"publish","type":"page","link":"https:\/\/www.cacsa.com.pa\/?page_id=52538","title":{"rendered":"Af\u00edliese"},"content":{"rendered":"\t\t<div data-elementor-type=\"wp-page\" data-elementor-id=\"52538\" class=\"elementor elementor-52538\">\n\t\t\t\t\t\t<section class=\"elementor-section elementor-top-section elementor-element elementor-element-cea31e0 elementor-section-boxed elementor-section-height-default elementor-section-height-default\" data-id=\"cea31e0\" data-element_type=\"section\">\n\t\t\t\t\t\t<div class=\"elementor-container elementor-column-gap-default\">\n\t\t\t\t\t<div class=\"elementor-column elementor-col-100 elementor-top-column elementor-element elementor-element-774b96c\" data-id=\"774b96c\" data-element_type=\"column\">\n\t\t\t<div class=\"elementor-widget-wrap elementor-element-populated\">\n\t\t\t\t\t\t<div class=\"elementor-element elementor-element-16e9135 elementor-widget elementor-widget-spacer\" data-id=\"16e9135\" data-element_type=\"widget\" data-widget_type=\"spacer.default\">\n\t\t\t\t<div class=\"elementor-widget-container\">\n\t\t\t\t\t<div class=\"elementor-spacer\">\n\t\t\t<div class=\"elementor-spacer-inner\"><\/div>\n\t\t<\/div>\n\t\t\t\t<\/div>\n\t\t\t\t<\/div>\n\t\t\t\t\t<\/div>\n\t\t<\/div>\n\t\t\t\t\t<\/div>\n\t\t<\/section>\n\t\t\t\t<section class=\"elementor-section elementor-top-section elementor-element elementor-element-6b7efb0 elementor-section-boxed elementor-section-height-default elementor-section-height-default\" data-id=\"6b7efb0\" data-element_type=\"section\">\n\t\t\t\t\t\t<div class=\"elementor-container elementor-column-gap-default\">\n\t\t\t\t\t<div class=\"elementor-column elementor-col-100 elementor-top-column elementor-element elementor-element-b9bf9e4\" data-id=\"b9bf9e4\" data-element_type=\"column\">\n\t\t\t<div class=\"elementor-widget-wrap elementor-element-populated\">\n\t\t\t\t\t\t<div class=\"elementor-element elementor-element-17bd858 elementor-widget elementor-widget-heading\" data-id=\"17bd858\" data-element_type=\"widget\" data-widget_type=\"heading.default\">\n\t\t\t\t<div class=\"elementor-widget-container\">\n\t\t\t<h5 class=\"elementor-heading-title elementor-size-default\">Razones para ingresar a CACSA<\/h5>\t\t<\/div>\n\t\t\t\t<\/div>\n\t\t\t\t<div class=\"elementor-element elementor-element-ae13840 elementor-widget elementor-widget-text-editor\" data-id=\"ae13840\" data-element_type=\"widget\" data-widget_type=\"text-editor.default\">\n\t\t\t\t<div class=\"elementor-widget-container\">\n\t\t\t\t\t\t\t<p><span>Si usted piensa en su futuro y en el de su familia, seguramente coincidir\u00e1 con nosotros en que CACSA, R .L. es su mejor elecci\u00f3n<\/span>.<\/p>\t\t\t\t\t\t<\/div>\n\t\t\t\t<\/div>\n\t\t\t\t\t<\/div>\n\t\t<\/div>\n\t\t\t\t\t<\/div>\n\t\t<\/section>\n\t\t\t\t<section class=\"elementor-section elementor-top-section elementor-element elementor-element-2d7ab12 elementor-section-boxed elementor-section-height-default elementor-section-height-default\" data-id=\"2d7ab12\" data-element_type=\"section\">\n\t\t\t\t\t\t<div class=\"elementor-container elementor-column-gap-default\">\n\t\t\t\t\t<div class=\"elementor-column elementor-col-50 elementor-top-column elementor-element elementor-element-5fb363b\" data-id=\"5fb363b\" data-element_type=\"column\">\n\t\t\t<div class=\"elementor-widget-wrap elementor-element-populated\">\n\t\t\t\t\t\t<div class=\"elementor-element elementor-element-5699f95 elementor-icon-list--layout-traditional elementor-list-item-link-full_width elementor-widget elementor-widget-icon-list\" data-id=\"5699f95\" data-element_type=\"widget\" data-widget_type=\"icon-list.default\">\n\t\t\t\t<div class=\"elementor-widget-container\">\n\t\t\t\t\t<ul class=\"elementor-icon-list-items\">\n\t\t\t\t\t\t\t<li class=\"elementor-icon-list-item\">\n\t\t\t\t\t\t\t\t\t\t\t<span class=\"elementor-icon-list-icon\">\n\t\t\t\t\t\t\t<i aria-hidden=\"true\" class=\"fas fa-check\"><\/i>\t\t\t\t\t\t<\/span>\n\t\t\t\t\t\t\t\t\t\t<span class=\"elementor-icon-list-text\">La confianza y la seguridad que representa la trayectoria de m\u00e1s de medio siglo de experiencia, nos permite brindarle algo m\u00e1s que una simple forma de ahorrar.<\/span>\n\t\t\t\t\t\t\t\t\t<\/li>\n\t\t\t\t\t\t\t\t<li class=\"elementor-icon-list-item\">\n\t\t\t\t\t\t\t\t\t\t\t<span class=\"elementor-icon-list-icon\">\n\t\t\t\t\t\t\t<i aria-hidden=\"true\" class=\"fas fa-check\"><\/i>\t\t\t\t\t\t<\/span>\n\t\t\t\t\t\t\t\t\t\t<span class=\"elementor-icon-list-text\">Ofrecemos excelentes servicios y beneficios que satisfacen sus necesidades y estilos de vida.<\/span>\n\t\t\t\t\t\t\t\t\t<\/li>\n\t\t\t\t\t\t\t\t<li class=\"elementor-icon-list-item\">\n\t\t\t\t\t\t\t\t\t\t\t<span class=\"elementor-icon-list-icon\">\n\t\t\t\t\t\t\t<i aria-hidden=\"true\" class=\"fas fa-check\"><\/i>\t\t\t\t\t\t<\/span>\n\t\t\t\t\t\t\t\t\t\t<span class=\"elementor-icon-list-text\">Somos una de las empresas Cooperativas de Ahorro y Cr\u00e9dito m\u00e1s grande de la Rep\u00fablica de Panam\u00e1, que vela sobre todo por el mejoramiento socioecon\u00f3mico de sus asociados.<\/span>\n\t\t\t\t\t\t\t\t\t<\/li>\n\t\t\t\t\t\t\t\t<li class=\"elementor-icon-list-item\">\n\t\t\t\t\t\t\t\t\t\t\t<span class=\"elementor-icon-list-icon\">\n\t\t\t\t\t\t\t<i aria-hidden=\"true\" class=\"fas fa-check\"><\/i>\t\t\t\t\t\t<\/span>\n\t\t\t\t\t\t\t\t\t\t<span class=\"elementor-icon-list-text\">Ofrecemos los mejores intereses en sus ahorros, al igual que una gran variedad de pr\u00e9stamos con excelentes tasas de inter\u00e9s para resolver sus necesidades econ\u00f3micas.<\/span>\n\t\t\t\t\t\t\t\t\t<\/li>\n\t\t\t\t\t\t<\/ul>\n\t\t\t\t<\/div>\n\t\t\t\t<\/div>\n\t\t\t\t\t<\/div>\n\t\t<\/div>\n\t\t\t\t<div class=\"elementor-column elementor-col-50 elementor-top-column elementor-element elementor-element-3ae4060\" data-id=\"3ae4060\" data-element_type=\"column\">\n\t\t\t<div class=\"elementor-widget-wrap elementor-element-populated\">\n\t\t\t\t\t\t<div class=\"elementor-element elementor-element-aaa5e6f elementor-widget elementor-widget-image\" data-id=\"aaa5e6f\" data-element_type=\"widget\" data-widget_type=\"image.default\">\n\t\t\t\t<div class=\"elementor-widget-container\">\n\t\t\t\t\t\t\t\t\t\t\t\t\t<img fetchpriority=\"high\" decoding=\"async\" width=\"640\" height=\"427\" src=\"https:\/\/www.cacsa.com.pa\/wp-content\/uploads\/2021\/04\/AFILIESE-grande.png\" class=\"attachment-large size-large wp-image-52151\" alt=\"\" srcset=\"https:\/\/www.cacsa.com.pa\/wp-content\/uploads\/2021\/04\/AFILIESE-grande.png 640w, https:\/\/www.cacsa.com.pa\/wp-content\/uploads\/2021\/04\/AFILIESE-grande-600x400.png 600w, https:\/\/www.cacsa.com.pa\/wp-content\/uploads\/2021\/04\/AFILIESE-grande-300x200.png 300w\" sizes=\"(max-width: 640px) 100vw, 640px\" \/>\t\t\t\t\t\t\t\t\t\t\t\t\t<\/div>\n\t\t\t\t<\/div>\n\t\t\t\t\t<\/div>\n\t\t<\/div>\n\t\t\t\t\t<\/div>\n\t\t<\/section>\n\t\t\t\t<section class=\"elementor-section elementor-top-section elementor-element elementor-element-20ddddd elementor-section-boxed elementor-section-height-default elementor-section-height-default\" data-id=\"20ddddd\" data-element_type=\"section\">\n\t\t\t\t\t\t<div class=\"elementor-container elementor-column-gap-default\">\n\t\t\t\t\t<div class=\"elementor-column elementor-col-100 elementor-top-column elementor-element elementor-element-6e9c93e\" data-id=\"6e9c93e\" data-element_type=\"column\">\n\t\t\t<div class=\"elementor-widget-wrap elementor-element-populated\">\n\t\t\t\t\t\t<div class=\"elementor-element elementor-element-c6484f1 elementor-widget elementor-widget-heading\" data-id=\"c6484f1\" data-element_type=\"widget\" data-widget_type=\"heading.default\">\n\t\t\t\t<div class=\"elementor-widget-container\">\n\t\t\t<h5 class=\"elementor-heading-title elementor-size-default\">Requisitos de ingreso<\/h5>\t\t<\/div>\n\t\t\t\t<\/div>\n\t\t\t\t<section class=\"elementor-section elementor-inner-section elementor-element elementor-element-381cff2 elementor-section-boxed elementor-section-height-default elementor-section-height-default\" data-id=\"381cff2\" data-element_type=\"section\">\n\t\t\t\t\t\t<div class=\"elementor-container elementor-column-gap-default\">\n\t\t\t\t\t<div class=\"elementor-column elementor-col-50 elementor-inner-column elementor-element elementor-element-f593841\" data-id=\"f593841\" data-element_type=\"column\" data-settings=\"{&quot;background_background&quot;:&quot;classic&quot;}\">\n\t\t\t<div class=\"elementor-widget-wrap elementor-element-populated\">\n\t\t\t\t\t\t<div class=\"elementor-element elementor-element-b0e7a2f elementor-widget elementor-widget-text-editor\" data-id=\"b0e7a2f\" data-element_type=\"widget\" data-widget_type=\"text-editor.default\">\n\t\t\t\t<div class=\"elementor-widget-container\">\n\t\t\t\t\t\t\t<p><strong><em>El solicitante deber\u00e1 cumplir con los siguientes requisitos:<\/em><\/strong><\/p>\t\t\t\t\t\t<\/div>\n\t\t\t\t<\/div>\n\t\t\t\t<div class=\"elementor-element elementor-element-21c85ac elementor-widget elementor-widget-text-editor\" data-id=\"21c85ac\" data-element_type=\"widget\" data-widget_type=\"text-editor.default\">\n\t\t\t\t<div class=\"elementor-widget-container\">\n\t\t\t\t\t\t\t<p><strong>1.<\/strong>\u00a0Tener capacidad legal para contratar.<\/p><p><strong>2.<\/strong> <span>Conocer y obligarse a cumplir con los requisitos y condiciones expuestas en el Estatuto y comprometerse a trabajar en pro del bien de la familia y de la comunidad en general.<\/span><\/p><p><strong>3.<\/strong> <span>No haber sido expulsado de otra cooperativa u organizaci\u00f3n cooperativa por las causales establecidas en el art\u00edculo 19 de nuestro Estatuto.<\/span><\/p><p><strong>4.<\/strong> <span>Llenar la solicitud de ingreso y la hoja testamentaria.<\/span><\/p><p><strong>5.<\/strong> <span>Firmar el registro de asociados.<\/span><\/p><p><strong>6.<\/strong> <span>Presentar su c\u00e9dula de identidad personal.<\/span><\/p>\t\t\t\t\t\t<\/div>\n\t\t\t\t<\/div>\n\t\t\t\t\t<\/div>\n\t\t<\/div>\n\t\t\t\t<div class=\"elementor-column elementor-col-50 elementor-inner-column elementor-element elementor-element-29d5717\" data-id=\"29d5717\" data-element_type=\"column\" data-settings=\"{&quot;background_background&quot;:&quot;classic&quot;}\">\n\t\t\t<div class=\"elementor-widget-wrap elementor-element-populated\">\n\t\t\t\t\t\t<div class=\"elementor-element elementor-element-fb3771e elementor-widget elementor-widget-text-editor\" data-id=\"fb3771e\" data-element_type=\"widget\" data-widget_type=\"text-editor.default\">\n\t\t\t\t<div class=\"elementor-widget-container\">\n\t\t\t\t\t\t\t<p><strong>7.<\/strong> <span>Copia de c\u00e9dula de sus beneficiarios, de ser menos de edad, Certificado de Nacimiento.<\/span><\/p><p><strong>8.<\/strong> <span>Copia de recibo de agua, luz, cable o tel\u00e9fono (2 de cualquiera de los mencionados), aunque no est\u00e9n a su nombre.<\/span><\/p><p><strong>9.<\/strong> <span>Pagar la cuota de ingreso (B\/.5.00) y por lo menos el valor de una aportaci\u00f3n (B\/. 5.00).<\/span><\/p><p><strong>10.<\/strong> <span>Comprometerse a hacer uso de los servicios de la Cooperativa y depositar un m\u00ednimo de cinco balboas (B\/.5.00) en aportaciones por mes, adem\u00e1s deber\u00e1 incrementar estas aportaciones mediante porcentajes establecidos en el reglamento de cr\u00e9dito.<\/span><\/p><p><strong>11.<\/strong> <span>Recibir la charla de pre-ingreso sobre CACSA, R.L.<\/span><\/p>\t\t\t\t\t\t<\/div>\n\t\t\t\t<\/div>\n\t\t\t\t<div class=\"elementor-element elementor-element-e84c6e7 elementor-widget elementor-widget-button\" data-id=\"e84c6e7\" data-element_type=\"widget\" data-widget_type=\"button.default\">\n\t\t\t\t<div class=\"elementor-widget-container\">\n\t\t\t\t\t<div class=\"elementor-button-wrapper\">\n\t\t\t<a class=\"elementor-button elementor-button-link elementor-size-md\" href=\"https:\/\/www.cacsa.com.pa\/?page_id=52555\">\n\t\t\t\t\t\t<span class=\"elementor-button-content-wrapper\">\n\t\t\t\t\t\t\t\t\t<span class=\"elementor-button-text\">Formulario de ingreso<\/span>\n\t\t\t\t\t<\/span>\n\t\t\t\t\t<\/a>\n\t\t<\/div>\n\t\t\t\t<\/div>\n\t\t\t\t<\/div>\n\t\t\t\t\t<\/div>\n\t\t<\/div>\n\t\t\t\t\t<\/div>\n\t\t<\/section>\n\t\t\t\t\t<\/div>\n\t\t<\/div>\n\t\t\t\t\t<\/div>\n\t\t<\/section>\n\t\t\t\t<\/div>\n\t\t","protected":false},"excerpt":{"rendered":"<p>Razones para ingresar a CACSA Si usted piensa en su futuro y en el de su familia, seguramente coincidir\u00e1 con&#8230;<\/p>\n","protected":false},"author":2,"featured_media":0,"parent":0,"menu_order":0,"comment_status":"closed","ping_status":"closed","template":"","meta":{"_monsterinsights_skip_tracking":false,"_monsterinsights_sitenote_active":false,"_monsterinsights_sitenote_note":"","_monsterinsights_sitenote_category":0,"footnotes":""},"class_list":["post-52538","page","type-page","status-publish","hentry"],"aioseo_notices":[],"_links":{"self":[{"href":"https:\/\/www.cacsa.com.pa\/index.php?rest_route=\/wp\/v2\/pages\/52538","targetHints":{"allow":["GET"]}}],"collection":[{"href":"https:\/\/www.cacsa.com.pa\/index.php?rest_route=\/wp\/v2\/pages"}],"about":[{"href":"https:\/\/www.cacsa.com.pa\/index.php?rest_route=\/wp\/v2\/types\/page"}],"author":[{"embeddable":true,"href":"https:\/\/www.cacsa.com.pa\/index.php?rest_route=\/wp\/v2\/users\/2"}],"replies":[{"embeddable":true,"href":"https:\/\/www.cacsa.com.pa\/index.php?rest_route=%2Fwp%2Fv2%2Fcomments&post=52538"}],"version-history":[{"count":19,"href":"https:\/\/www.cacsa.com.pa\/index.php?rest_route=\/wp\/v2\/pages\/52538\/revisions"}],"predecessor-version":[{"id":55819,"href":"https:\/\/www.cacsa.com.pa\/index.php?rest_route=\/wp\/v2\/pages\/52538\/revisions\/55819"}],"wp:attachment":[{"href":"https:\/\/www.cacsa.com.pa\/index.php?rest_route=%2Fwp%2Fv2%2Fmedia&parent=52538"}],"curies":[{"name":"wp","href":"https:\/\/api.w.org\/{rel}","templated":true}]}}