{"id":52674,"date":"2023-02-11T01:12:07","date_gmt":"2023-02-11T01:12:07","guid":{"rendered":"http:\/\/www.cacsa.com.pa\/?page_id=52674"},"modified":"2023-04-15T22:05:12","modified_gmt":"2023-04-15T22:05:12","slug":"actualizacion-de-datos","status":"publish","type":"page","link":"https:\/\/www.cacsa.com.pa\/?page_id=52674","title":{"rendered":"Actualizaci\u00f3n de datos"},"content":{"rendered":"\t\t<div data-elementor-type=\"wp-page\" data-elementor-id=\"52674\" class=\"elementor elementor-52674\">\n\t\t\t\t\t\t<section class=\"elementor-section elementor-top-section elementor-element elementor-element-a6e430e elementor-section-boxed elementor-section-height-default elementor-section-height-default\" data-id=\"a6e430e\" data-element_type=\"section\">\n\t\t\t\t\t\t<div class=\"elementor-container elementor-column-gap-default\">\n\t\t\t\t\t<div class=\"elementor-column elementor-col-100 elementor-top-column elementor-element elementor-element-fa9687d\" data-id=\"fa9687d\" data-element_type=\"column\">\n\t\t\t<div class=\"elementor-widget-wrap elementor-element-populated\">\n\t\t\t\t\t\t<div class=\"elementor-element elementor-element-6dc8726 elementor-widget elementor-widget-spacer\" data-id=\"6dc8726\" data-element_type=\"widget\" data-widget_type=\"spacer.default\">\n\t\t\t\t<div class=\"elementor-widget-container\">\n\t\t\t\t\t<div class=\"elementor-spacer\">\n\t\t\t<div class=\"elementor-spacer-inner\"><\/div>\n\t\t<\/div>\n\t\t\t\t<\/div>\n\t\t\t\t<\/div>\n\t\t\t\t\t<\/div>\n\t\t<\/div>\n\t\t\t\t\t<\/div>\n\t\t<\/section>\n\t\t\t\t<section class=\"elementor-section elementor-top-section elementor-element elementor-element-c7ea906 elementor-section-boxed elementor-section-height-default elementor-section-height-default\" data-id=\"c7ea906\" data-element_type=\"section\">\n\t\t\t\t\t\t<div class=\"elementor-container elementor-column-gap-default\">\n\t\t\t\t\t<div class=\"elementor-column elementor-col-100 elementor-top-column elementor-element elementor-element-d0672ee\" data-id=\"d0672ee\" data-element_type=\"column\">\n\t\t\t<div class=\"elementor-widget-wrap elementor-element-populated\">\n\t\t\t\t\t\t<div class=\"elementor-element elementor-element-b062034 horizontal-line-align-left vertical-line-align-bottom elementor-widget elementor-widget-tm-ele-section-title\" data-id=\"b062034\" data-element_type=\"widget\" data-widget_type=\"tm-ele-section-title.default\">\n\t\t\t\t<div class=\"elementor-widget-container\">\n\t\t\t<div class=\"tm-sc-section-title section-title title-icon-pos-icon-left \">\r\n\t<div class=\"title-wrapper\">\r\n\t\t\t\t\t\t<p class=\"subtitle \">\r\n\r\n\t\t\t\t<img decoding=\"async\" class=\"title-icon\" src=\"https:\/\/www.cacsa.com.pa\/wp-content\/uploads\/2023\/01\/appletouch72px.png\" alt=\"icon\">\t\t\r\n\t\tLE RECORDAMOS LA\t<\/p>\r\n\t\t\t\t<h5 class=\"title \">\r\n\r\n\t\t\r\n\t\t\t\t<span class=\"title-part1 \">Importancia de actualizar sus datos<\/span>\r\n\t\t\t\t\r\n\t\t\r\n\t<\/h5>\r\n\t<div class=\"title-seperator-line\"><\/div>\t\t\t\t\t\t<\/div>\r\n<\/div>\t\t<\/div>\n\t\t\t\t<\/div>\n\t\t\t\t<div class=\"elementor-element elementor-element-36befea elementor-widget elementor-widget-text-editor\" data-id=\"36befea\" data-element_type=\"widget\" data-widget_type=\"text-editor.default\">\n\t\t\t\t<div class=\"elementor-widget-container\">\n\t\t\t\t\t\t\t<p style=\"text-align: center;\"><span>Estimados Asociados y Ahorristas, te invitamos a que pases a la Oficina m\u00e1s cercana a \u201cActualizar tus datos\u201d.<\/span><\/p>\t\t\t\t\t\t<\/div>\n\t\t\t\t<\/div>\n\t\t\t\t<div class=\"elementor-element elementor-element-0baa53c elementor-widget elementor-widget-text-editor\" data-id=\"0baa53c\" data-element_type=\"widget\" data-widget_type=\"text-editor.default\">\n\t\t\t\t<div class=\"elementor-widget-container\">\n\t\t\t\t\t\t\t<p style=\"text-align: left;\"><span>CACSA, R. L., ha desarrollado su Pol\u00edtica de Conocimiento del Cliente y de esta forma cumple con una obligaci\u00f3n legal, la cual nos evita sanciones por incumplimiento de la Ley, por tal motivo es importante que conozca lo siguiente: <\/span><strong><span style=\"color: #000000;\"><em>Responsabilidad que tenemos como Sujeto Obligado Financiero para la Prevenci\u00f3n del Delito de Blanqueo de Capitales, el financiamiento del terrorismo y el financiamiento para la proliferaci\u00f3n de armas de destrucci\u00f3n masiva.<\/em><\/span><\/strong><\/p>\t\t\t\t\t\t<\/div>\n\t\t\t\t<\/div>\n\t\t\t\t<div class=\"elementor-element elementor-element-8af0141 elementor-widget elementor-widget-text-editor\" data-id=\"8af0141\" data-element_type=\"widget\" data-widget_type=\"text-editor.default\">\n\t\t\t\t<div class=\"elementor-widget-container\">\n\t\t\t\t\t\t\t<p style=\"text-align: left;\">R\u00e9gimen Antilavado de la Rep\u00fablica de Panam\u00e1.<\/p><div class=\"fusion-layout-column fusion_builder_column fusion_builder_column_1_1  fusion-one-full fusion-column-first fusion-column-last 1_1\"><div class=\"fusion-column-wrapper\" data-bg-url=\"\"><div class=\"fusion-text\"><p>Ver<span>\u00a0<\/span><span style=\"color: #b7ce35;\">Gaceta Oficial 27768-B donde se aprueba la Ley 23 del 27 de abril de 2015<\/span><\/p><\/div><div class=\"fusion-clearfix\"><\/div><\/div><\/div>\t\t\t\t\t\t<\/div>\n\t\t\t\t<\/div>\n\t\t\t\t\t<\/div>\n\t\t<\/div>\n\t\t\t\t\t<\/div>\n\t\t<\/section>\n\t\t\t\t<section class=\"elementor-section elementor-top-section elementor-element elementor-element-3b0c81f elementor-section-boxed elementor-section-height-default elementor-section-height-default\" data-id=\"3b0c81f\" data-element_type=\"section\">\n\t\t\t\t\t\t<div class=\"elementor-container elementor-column-gap-default\">\n\t\t\t\t\t<div class=\"elementor-column elementor-col-100 elementor-top-column elementor-element elementor-element-868ef5a\" data-id=\"868ef5a\" data-element_type=\"column\">\n\t\t\t<div class=\"elementor-widget-wrap elementor-element-populated\">\n\t\t\t\t\t\t<div class=\"elementor-element elementor-element-ac8d245 elementor-widget elementor-widget-tm-ele-accordion\" data-id=\"ac8d245\" data-element_type=\"widget\" data-widget_type=\"tm-ele-accordion.skin-bordered\">\n\t\t\t\t<div class=\"elementor-widget-container\">\n\t\t\t\t\t<div id=\"accordion-holder-564756\" class=\"tm-accordion skin-bordered\">\r\n\t\r\n  <div class=\"card active\">\r\n    <div class=\"card-header p-0\" id=\"heading351\">\r\n      <h5 class=\"title \" data-bs-toggle=\"collapse\" data-bs-target=\"#collapse351\" aria-expanded=\"true\" aria-controls=\"collapse351\">\r\n        <span class=\"text\">Objetivo<\/span>\r\n        <span class=\"accordion-controls-icon\"><i class=\"fas fa-chevron-down\"><\/i><\/span>\r\n      <\/h5>\r\n    <\/div>\r\n    <div id=\"collapse351\" class=\"collapse show\" aria-labelledby=\"heading351\" data-bs-parent=\"#accordion-holder-564756\">\r\n      <div class=\"card-body\">\r\n        <p><\/p><p><span><strong><span style=\"color: #b7ce35;\">1.<\/span><\/strong>\u00a0Las Cooperativas de Ahorro y Cr\u00e9dito, debemos atender lo establecido en la Ley 23 del 27 de abril de 2015 para la prevenci\u00f3n del Blanqueo de Capitales, el Financiamiento del Terrorismo y el Financiamiento para la Proliferaci\u00f3n de Armas de Destrucci\u00f3n Masiva;<\/span><\/p><p><br \/><strong><span style=\"color: #b7ce35;\">2.<\/span><\/strong><span>\u00a0Debemos mantener requisitos m\u00ednimos para la identificaci\u00f3n de las personas naturales, personas jur\u00eddicas y otras estructuras jur\u00eddicas sin fines de lucro con las que se establezca una relaci\u00f3n de negocios;<\/span><\/p><p><br \/><strong><span style=\"color: #b7ce35;\">3.<\/span><\/strong><span>\u00a0Debemos establecer lineamientos para el dise\u00f1o e implementaci\u00f3n de los procesos para identificar, evaluar y comprender sus riesgos de Blanqueo de Capitales, Financiamiento del Terrorismo y Financiamiento para la Proliferaci\u00f3n de Armas de Destrucci\u00f3n Masiva, tanto para los asociados y ahorrista (clientes), ubicaci\u00f3n geogr\u00e1fica de nuestras oficinas as\u00ed como tambi\u00e9n la de los asociados y ahorristas (clientes), productos y servicios que ofrecemos, as\u00ed como de los canales de distribuci\u00f3n que utilizamos para ofrecerlos.<\/span><\/p>      <\/div>\r\n    <\/div>\r\n  <\/div>\r\n\t\t<\/div>\r\n\t\t\t<\/div>\n\t\t\t\t<\/div>\n\t\t\t\t<div class=\"elementor-element elementor-element-c7fa639 elementor-widget elementor-widget-tm-ele-accordion\" data-id=\"c7fa639\" data-element_type=\"widget\" data-widget_type=\"tm-ele-accordion.skin-bordered\">\n\t\t\t\t<div class=\"elementor-widget-container\">\n\t\t\t\t\t<div id=\"accordion-holder-614571\" class=\"tm-accordion skin-bordered\">\r\n\t\r\n  <div class=\"card \">\r\n    <div class=\"card-header p-0\" id=\"heading611\">\r\n      <h5 class=\"title collapsed\" data-bs-toggle=\"collapse\" data-bs-target=\"#collapse611\" aria-expanded=\"false\" aria-controls=\"collapse611\">\r\n        <span class=\"text\">La nueva metodolog\u00eda habla sobre un enfoque basado en riesgos<\/span>\r\n        <span class=\"accordion-controls-icon\"><i class=\"fas fa-chevron-down\"><\/i><\/span>\r\n      <\/h5>\r\n    <\/div>\r\n    <div id=\"collapse611\" class=\"collapse \" aria-labelledby=\"heading611\" data-bs-parent=\"#accordion-holder-614571\">\r\n      <div class=\"card-body\">\r\n        <p><\/p><p><span>La Cooperativa de Ahorro y Cr\u00e9dito, debemos dise\u00f1ar controles conforme al grado de complejidad de las actividades, las cuales podr\u00e1n contemplar distintas categor\u00edas de riesgos de <\/span><\/p><p><span>Clientes, para el logro de una adecuada segmentaci\u00f3n, estableciendo sobre la base del riesgo potencial de la actividad il\u00edcita asociada a las cuentas, contratos y transacciones que ofrecemos. La aplicaci\u00f3n de un enfoque basado en riesgos, implica una evaluaci\u00f3n de los productos y servicios que ofrecemos y que ofreceremos a los clientes, as\u00ed como de la ubicaci\u00f3n geogr\u00e1fica en la que presta, ofrece y promueve los servicios y productos.<\/span><\/p>      <\/div>\r\n    <\/div>\r\n  <\/div>\r\n\t\t<\/div>\r\n\t\t\t<\/div>\n\t\t\t\t<\/div>\n\t\t\t\t<div class=\"elementor-element elementor-element-6e540a0 elementor-widget elementor-widget-tm-ele-accordion\" data-id=\"6e540a0\" data-element_type=\"widget\" data-widget_type=\"tm-ele-accordion.skin-bordered\">\n\t\t\t\t<div class=\"elementor-widget-container\">\n\t\t\t\t\t<div id=\"accordion-holder-605625\" class=\"tm-accordion skin-bordered\">\r\n\t\r\n  <div class=\"card \">\r\n    <div class=\"card-header p-0\" id=\"heading491\">\r\n      <h5 class=\"title collapsed\" data-bs-toggle=\"collapse\" data-bs-target=\"#collapse491\" aria-expanded=\"false\" aria-controls=\"collapse491\">\r\n        <span class=\"text\">Mitigaci\u00f3n del riesgo<\/span>\r\n        <span class=\"accordion-controls-icon\"><i class=\"fas fa-chevron-down\"><\/i><\/span>\r\n      <\/h5>\r\n    <\/div>\r\n    <div id=\"collapse491\" class=\"collapse \" aria-labelledby=\"heading491\" data-bs-parent=\"#accordion-holder-605625\">\r\n      <div class=\"card-body\">\r\n        <p><\/p><p><span>Los nuevos est\u00e1ndares nos obligan a llevar a cabo una evaluaci\u00f3n de los riesgos con una frecuencia semestral, la cual servir\u00e1 de base para el dise\u00f1o y adopci\u00f3n de las pol\u00edticas, controles y procedimientos para mitigar los riesgos identificados. La referida evaluaci\u00f3n debe ser sometida a una actualizaci\u00f3n y mejora continua conforme a los resultados del monitoreo, auditor\u00edas internas y\/o evaluaciones independientes, o bien cuando se hayan identificado riesgos mayores en virtud del ofrecimiento de nuevos productos, servicios y canales de distribuci\u00f3n, as\u00ed como la ampliaci\u00f3n de su base de clientes y geograf\u00eda. Toda la informaci\u00f3n relativa a la evaluaci\u00f3n de los riesgos debe estar disponible para el Organismo de Supervisi\u00f3n.<\/span><\/p>      <\/div>\r\n    <\/div>\r\n  <\/div>\r\n\t\t<\/div>\r\n\t\t\t<\/div>\n\t\t\t\t<\/div>\n\t\t\t\t<div class=\"elementor-element elementor-element-78c10fa elementor-widget elementor-widget-tm-ele-accordion\" data-id=\"78c10fa\" data-element_type=\"widget\" data-widget_type=\"tm-ele-accordion.skin-bordered\">\n\t\t\t\t<div class=\"elementor-widget-container\">\n\t\t\t\t\t<div id=\"accordion-holder-611098\" class=\"tm-accordion skin-bordered\">\r\n\t\r\n  <div class=\"card \">\r\n    <div class=\"card-header p-0\" id=\"heading991\">\r\n      <h5 class=\"title collapsed\" data-bs-toggle=\"collapse\" data-bs-target=\"#collapse991\" aria-expanded=\"false\" aria-controls=\"collapse991\">\r\n        <span class=\"text\">\u00bfPor qu\u00e9 debe actualizar sus datos como asociado y ahorrista de CACSA?<\/span>\r\n        <span class=\"accordion-controls-icon\"><i class=\"fas fa-chevron-down\"><\/i><\/span>\r\n      <\/h5>\r\n    <\/div>\r\n    <div id=\"collapse991\" class=\"collapse \" aria-labelledby=\"heading991\" data-bs-parent=\"#accordion-holder-611098\">\r\n      <div class=\"card-body\">\r\n        <p><\/p><p>La nueva metodolog\u00eda para la comprobaci\u00f3n y actualizaci\u00f3n del cliente est\u00e1 muy de la mano con el Perfil Financiero y Perfil Transaccional, es por ello que la Cooperativa deber\u00e1 comprobar adecuadamente y llevar a cabo actualizaciones de la informaci\u00f3n del perfil financiero y perfil transaccional con base al riesgo que representa la relaci\u00f3n, esto en concordancia con la realidad de las operaciones y vol\u00famenes transaccionales que realice el cliente, las cuales deber\u00e1n ser evaluadas respecto a la naturaleza del negocio del cliente, la documentaci\u00f3n de soporte ofrecida que permita demostrar el origen y destino de los dineros, bienes, capitales.<\/p><p>La Cooperativa ira solicitando la sustentaci\u00f3n del perfil financiero y transaccional de sus clientes, adem\u00e1s de validar la razonabilidad de dichas sustentaciones con el firme prop\u00f3sito de mantener informaci\u00f3n base que permita un seguimiento adecuado al perfil de riesgo del cliente con respecto a la actividad profesional o empresarial del cliente, as\u00ed como las transacciones que realiza; por lo tanto la actualizaci\u00f3n se basa en aquellos clientes que en su momento sean catalogados de riesgo para la Cooperativa.<\/p>      <\/div>\r\n    <\/div>\r\n  <\/div>\r\n\t\t<\/div>\r\n\t\t\t<\/div>\n\t\t\t\t<\/div>\n\t\t\t\t<div class=\"elementor-element elementor-element-96f51ec elementor-widget elementor-widget-tm-ele-accordion\" data-id=\"96f51ec\" data-element_type=\"widget\" data-widget_type=\"tm-ele-accordion.skin-bordered\">\n\t\t\t\t<div class=\"elementor-widget-container\">\n\t\t\t\t\t<div id=\"accordion-holder-664118\" class=\"tm-accordion skin-bordered\">\r\n\t\r\n  <div class=\"card \">\r\n    <div class=\"card-header p-0\" id=\"heading441\">\r\n      <h5 class=\"title collapsed\" data-bs-toggle=\"collapse\" data-bs-target=\"#collapse441\" aria-expanded=\"false\" aria-controls=\"collapse441\">\r\n        <span class=\"text\">Sanciones<\/span>\r\n        <span class=\"accordion-controls-icon\"><i class=\"fas fa-chevron-down\"><\/i><\/span>\r\n      <\/h5>\r\n    <\/div>\r\n    <div id=\"collapse441\" class=\"collapse \" aria-labelledby=\"heading441\" data-bs-parent=\"#accordion-holder-664118\">\r\n      <div class=\"card-body\">\r\n        <p><\/p><p><span>El IPACOOP emitir\u00e1 los criterios aplicables para la imposici\u00f3n de sanciones y su nivel de gradaci\u00f3n, tomando en consideraci\u00f3n la gravedad de la falta, la reincidencia, la magnitud del da\u00f1o y los perjuicios causados a terceros; as\u00ed como la escala de las sanciones espec\u00edfica, proporcionales y disuasivas conforme lo establece la ley 23, en donde se establece la multa m\u00ednima de B\/.5,000.00 hasta B\/.1,000,000.00.<\/span><\/p>      <\/div>\r\n    <\/div>\r\n  <\/div>\r\n\t\t<\/div>\r\n\t\t\t<\/div>\n\t\t\t\t<\/div>\n\t\t\t\t\t<\/div>\n\t\t<\/div>\n\t\t\t\t\t<\/div>\n\t\t<\/section>\n\t\t\t\t<section class=\"elementor-section elementor-top-section elementor-element elementor-element-4b36f9e elementor-section-boxed elementor-section-height-default elementor-section-height-default\" data-id=\"4b36f9e\" data-element_type=\"section\">\n\t\t\t\t\t\t<div class=\"elementor-container elementor-column-gap-default\">\n\t\t\t\t\t<div class=\"elementor-column elementor-col-100 elementor-top-column elementor-element elementor-element-627921e\" data-id=\"627921e\" data-element_type=\"column\">\n\t\t\t<div class=\"elementor-widget-wrap elementor-element-populated\">\n\t\t\t\t\t\t<div class=\"elementor-element elementor-element-6e25fe8 elementor-widget elementor-widget-spacer\" data-id=\"6e25fe8\" data-element_type=\"widget\" data-widget_type=\"spacer.default\">\n\t\t\t\t<div class=\"elementor-widget-container\">\n\t\t\t\t\t<div class=\"elementor-spacer\">\n\t\t\t<div class=\"elementor-spacer-inner\"><\/div>\n\t\t<\/div>\n\t\t\t\t<\/div>\n\t\t\t\t<\/div>\n\t\t\t\t\t<\/div>\n\t\t<\/div>\n\t\t\t\t\t<\/div>\n\t\t<\/section>\n\t\t\t\t<section class=\"elementor-section elementor-top-section elementor-element elementor-element-daa19fa elementor-section-boxed elementor-section-height-default elementor-section-height-default\" data-id=\"daa19fa\" data-element_type=\"section\">\n\t\t\t\t\t\t<div class=\"elementor-container elementor-column-gap-default\">\n\t\t\t\t\t<div class=\"elementor-column elementor-col-100 elementor-top-column elementor-element elementor-element-54b3b61\" data-id=\"54b3b61\" data-element_type=\"column\">\n\t\t\t<div class=\"elementor-widget-wrap elementor-element-populated\">\n\t\t\t\t\t\t<div class=\"elementor-element elementor-element-62f30cb elementor-widget elementor-widget-heading\" data-id=\"62f30cb\" data-element_type=\"widget\" data-widget_type=\"heading.default\">\n\t\t\t\t<div class=\"elementor-widget-container\">\n\t\t\t<h5 class=\"elementor-heading-title elementor-size-default\">Enlaces relacionados con prevenci\u00f3n de blanqueo de capitales y combate al financiamiento del terrorismo en Panam\u00e1<\/h5>\t\t<\/div>\n\t\t\t\t<\/div>\n\t\t\t\t<div class=\"elementor-element elementor-element-fe52f39 elementor-widget elementor-widget-text-editor\" data-id=\"fe52f39\" data-element_type=\"widget\" data-widget_type=\"text-editor.default\">\n\t\t\t\t<div class=\"elementor-widget-container\">\n\t\t\t\t\t\t\t<p>1. <span style=\"color: #b7ce35;\">IPACOOP<\/span> (<strong><a href=\"http:\/\/www.ipacoop.gob.pa\/new\/\">www.ipacoop.gob.pa<\/a><\/strong>)<\/p><p>2. <span style=\"color: #b7ce35;\">UAF<\/span> (<a href=\"http:\/\/www.uaf.gob.pa\/\">www.uaf.gob.pa<\/a>)<\/p><p>3. <span style=\"color: #b7ce35;\">ASOCUPA<\/span> (<a href=\"http:\/\/www.asocupa.org\/\">www.asocupa.org<\/a>)\u00a0<\/p>\t\t\t\t\t\t<\/div>\n\t\t\t\t<\/div>\n\t\t\t\t<div class=\"elementor-element elementor-element-07564ad elementor-widget elementor-widget-heading\" data-id=\"07564ad\" data-element_type=\"widget\" data-widget_type=\"heading.default\">\n\t\t\t\t<div class=\"elementor-widget-container\">\n\t\t\t<h5 class=\"elementor-heading-title elementor-size-default\">Noticias relacionadas<\/h5>\t\t<\/div>\n\t\t\t\t<\/div>\n\t\t\t\t<div class=\"elementor-element elementor-element-107d927 elementor-widget elementor-widget-text-editor\" data-id=\"107d927\" data-element_type=\"widget\" data-widget_type=\"text-editor.default\">\n\t\t\t\t<div class=\"elementor-widget-container\">\n\t\t\t\t\t\t\t<p><span>Segmento de noticias que tienen que ver con el lavado de dinero a nivel nacional e internacional<\/span><br \/><a href=\"http:\/\/www.antilavadodedinero.com\/\">www.antilavadodedinero.com<\/a>\u00a0<\/p>\t\t\t\t\t\t<\/div>\n\t\t\t\t<\/div>\n\t\t\t\t\t<\/div>\n\t\t<\/div>\n\t\t\t\t\t<\/div>\n\t\t<\/section>\n\t\t\t\t<\/div>\n\t\t","protected":false},"excerpt":{"rendered":"<p>LE RECORDAMOS LA Importancia de actualizar sus datos Estimados Asociados y Ahorristas, te invitamos a que pases a la Oficina&#8230;<\/p>\n","protected":false},"author":2,"featured_media":0,"parent":0,"menu_order":0,"comment_status":"closed","ping_status":"closed","template":"","meta":{"_monsterinsights_skip_tracking":false,"_monsterinsights_sitenote_active":false,"_monsterinsights_sitenote_note":"","_monsterinsights_sitenote_category":0,"footnotes":""},"class_list":["post-52674","page","type-page","status-publish","hentry"],"aioseo_notices":[],"_links":{"self":[{"href":"https:\/\/www.cacsa.com.pa\/index.php?rest_route=\/wp\/v2\/pages\/52674","targetHints":{"allow":["GET"]}}],"collection":[{"href":"https:\/\/www.cacsa.com.pa\/index.php?rest_route=\/wp\/v2\/pages"}],"about":[{"href":"https:\/\/www.cacsa.com.pa\/index.php?rest_route=\/wp\/v2\/types\/page"}],"author":[{"embeddable":true,"href":"https:\/\/www.cacsa.com.pa\/index.php?rest_route=\/wp\/v2\/users\/2"}],"replies":[{"embeddable":true,"href":"https:\/\/www.cacsa.com.pa\/index.php?rest_route=%2Fwp%2Fv2%2Fcomments&post=52674"}],"version-history":[{"count":19,"href":"https:\/\/www.cacsa.com.pa\/index.php?rest_route=\/wp\/v2\/pages\/52674\/revisions"}],"predecessor-version":[{"id":54654,"href":"https:\/\/www.cacsa.com.pa\/index.php?rest_route=\/wp\/v2\/pages\/52674\/revisions\/54654"}],"wp:attachment":[{"href":"https:\/\/www.cacsa.com.pa\/index.php?rest_route=%2Fwp%2Fv2%2Fmedia&parent=52674"}],"curies":[{"name":"wp","href":"https:\/\/api.w.org\/{rel}","templated":true}]}}