{"id":52723,"date":"2023-02-11T02:28:04","date_gmt":"2023-02-11T02:28:04","guid":{"rendered":"http:\/\/www.cacsa.com.pa\/?page_id=52723"},"modified":"2023-02-11T02:35:21","modified_gmt":"2023-02-11T02:35:21","slug":"cooperativismo","status":"publish","type":"page","link":"https:\/\/www.cacsa.com.pa\/?page_id=52723","title":{"rendered":"Cooperativismo"},"content":{"rendered":"\t\t<div data-elementor-type=\"wp-page\" data-elementor-id=\"52723\" class=\"elementor elementor-52723\">\n\t\t\t\t\t\t<section class=\"elementor-section elementor-top-section elementor-element elementor-element-dfc4a62 elementor-section-boxed elementor-section-height-default elementor-section-height-default\" data-id=\"dfc4a62\" data-element_type=\"section\">\n\t\t\t\t\t\t<div class=\"elementor-container elementor-column-gap-default\">\n\t\t\t\t\t<div class=\"elementor-column elementor-col-100 elementor-top-column elementor-element elementor-element-fef5ebf\" data-id=\"fef5ebf\" data-element_type=\"column\">\n\t\t\t<div class=\"elementor-widget-wrap elementor-element-populated\">\n\t\t\t\t\t\t<div class=\"elementor-element elementor-element-e0627d8 elementor-widget elementor-widget-spacer\" data-id=\"e0627d8\" data-element_type=\"widget\" data-widget_type=\"spacer.default\">\n\t\t\t\t<div class=\"elementor-widget-container\">\n\t\t\t\t\t<div class=\"elementor-spacer\">\n\t\t\t<div class=\"elementor-spacer-inner\"><\/div>\n\t\t<\/div>\n\t\t\t\t<\/div>\n\t\t\t\t<\/div>\n\t\t\t\t\t<\/div>\n\t\t<\/div>\n\t\t\t\t\t<\/div>\n\t\t<\/section>\n\t\t\t\t<section class=\"elementor-section elementor-top-section elementor-element elementor-element-22e5447 elementor-section-boxed elementor-section-height-default elementor-section-height-default\" data-id=\"22e5447\" data-element_type=\"section\">\n\t\t\t\t\t\t<div class=\"elementor-container elementor-column-gap-default\">\n\t\t\t\t\t<div class=\"elementor-column elementor-col-100 elementor-top-column elementor-element elementor-element-341de1e\" data-id=\"341de1e\" data-element_type=\"column\">\n\t\t\t<div class=\"elementor-widget-wrap elementor-element-populated\">\n\t\t\t\t\t\t<div class=\"elementor-element elementor-element-3d40bae elementor-widget elementor-widget-text-editor\" data-id=\"3d40bae\" data-element_type=\"widget\" data-widget_type=\"text-editor.default\">\n\t\t\t\t<div class=\"elementor-widget-container\">\n\t\t\t\t\t\t\t<p style=\"text-align: center;\"><span>CACSA, R.L. se mantiene a la vanguardia con nuevas tecnolog\u00edas para hacer m\u00e1s f\u00e1cil la vida de nuestros usuarios.\u00a0 Lo invitamos a que visite nuestras redes sociales para que se mantenga diariamente informado de todas la noticias o eventos.<\/span><br \/><em><strong>Recuerde que CACSA es su mejor elecci\u00f3n.<\/strong><\/em><\/p>\t\t\t\t\t\t<\/div>\n\t\t\t\t<\/div>\n\t\t\t\t\t<\/div>\n\t\t<\/div>\n\t\t\t\t\t<\/div>\n\t\t<\/section>\n\t\t\t\t<section class=\"elementor-section elementor-top-section elementor-element elementor-element-cec58ac elementor-section-boxed elementor-section-height-default elementor-section-height-default\" data-id=\"cec58ac\" data-element_type=\"section\">\n\t\t\t\t\t\t<div class=\"elementor-container elementor-column-gap-default\">\n\t\t\t\t\t<div class=\"elementor-column elementor-col-100 elementor-top-column elementor-element elementor-element-c894c32\" data-id=\"c894c32\" data-element_type=\"column\">\n\t\t\t<div class=\"elementor-widget-wrap elementor-element-populated\">\n\t\t\t\t\t\t<div class=\"elementor-element elementor-element-653eaec elementor-widget elementor-widget-tm-ele-accordion\" data-id=\"653eaec\" data-element_type=\"widget\" data-widget_type=\"tm-ele-accordion.skin-bordered\">\n\t\t\t\t<div class=\"elementor-widget-container\">\n\t\t\t\t\t<div id=\"accordion-holder-537594\" class=\"tm-accordion skin-bordered\">\r\n\t\r\n  <div class=\"card active\">\r\n    <div class=\"card-header p-0\" id=\"heading291\">\r\n      <h5 class=\"title \" data-bs-toggle=\"collapse\" data-bs-target=\"#collapse291\" aria-expanded=\"true\" aria-controls=\"collapse291\">\r\n        <span class=\"text\">Cooperaci\u00f3n <\/span>\r\n        <span class=\"accordion-controls-icon\"><i class=\"fas fa-chevron-down\"><\/i><\/span>\r\n      <\/h5>\r\n    <\/div>\r\n    <div id=\"collapse291\" class=\"collapse show\" aria-labelledby=\"heading291\" data-bs-parent=\"#accordion-holder-537594\">\r\n      <div class=\"card-body\">\r\n        <div class=\"fusion-fullwidth fullwidth-box nonhundred-percent-fullwidth non-hundred-percent-height-scrolling\"><div class=\"fusion-builder-row fusion-row \"><div class=\"fusion-layout-column fusion_builder_column fusion_builder_column_1_1  fusion-one-full fusion-column-first fusion-column-last 1_1\"><div class=\"fusion-column-wrapper\" data-bg-url=\"\"><div class=\"fusion-text\"><p><\/p><p>Cooperaci\u00f3n significa trabajar juntos para alcanzar una meta com\u00fan.<\/p><\/div><div class=\"fusion-clearfix\"><\/div><\/div><\/div><\/div><\/div><div class=\"fusion-fullwidth fullwidth-box nonhundred-percent-fullwidth non-hundred-percent-height-scrolling\"><div class=\"fusion-builder-row fusion-row \"><div class=\"fusion-layout-column fusion_builder_column fusion_builder_column_1_1  fusion-one-full fusion-column-first fusion-column-last 1_1\"><div class=\"fusion-column-wrapper\" data-bg-url=\"\"><div class=\"fusion-text\"><\/div><\/div><\/div><\/div><\/div>      <\/div>\r\n    <\/div>\r\n  <\/div>\r\n\t\t<\/div>\r\n\t\t\t<\/div>\n\t\t\t\t<\/div>\n\t\t\t\t\t<\/div>\n\t\t<\/div>\n\t\t\t\t\t<\/div>\n\t\t<\/section>\n\t\t\t\t<section class=\"elementor-section elementor-top-section elementor-element elementor-element-1be0181 elementor-section-boxed elementor-section-height-default elementor-section-height-default\" data-id=\"1be0181\" data-element_type=\"section\">\n\t\t\t\t\t\t<div class=\"elementor-container elementor-column-gap-default\">\n\t\t\t\t\t<div class=\"elementor-column elementor-col-100 elementor-top-column elementor-element elementor-element-f0d4d17\" data-id=\"f0d4d17\" data-element_type=\"column\">\n\t\t\t<div class=\"elementor-widget-wrap elementor-element-populated\">\n\t\t\t\t\t\t<div class=\"elementor-element elementor-element-a9d2408 elementor-widget elementor-widget-tm-ele-accordion\" data-id=\"a9d2408\" data-element_type=\"widget\" data-widget_type=\"tm-ele-accordion.skin-bordered\">\n\t\t\t\t<div class=\"elementor-widget-container\">\n\t\t\t\t\t<div id=\"accordion-holder-398601\" class=\"tm-accordion skin-bordered\">\r\n\t\r\n  <div class=\"card active\">\r\n    <div class=\"card-header p-0\" id=\"heading611\">\r\n      <h5 class=\"title \" data-bs-toggle=\"collapse\" data-bs-target=\"#collapse611\" aria-expanded=\"true\" aria-controls=\"collapse611\">\r\n        <span class=\"text\">Cooperativismo<\/span>\r\n        <span class=\"accordion-controls-icon\"><i class=\"fas fa-chevron-down\"><\/i><\/span>\r\n      <\/h5>\r\n    <\/div>\r\n    <div id=\"collapse611\" class=\"collapse show\" aria-labelledby=\"heading611\" data-bs-parent=\"#accordion-holder-398601\">\r\n      <div class=\"card-body\">\r\n        <div class=\"fusion-fullwidth fullwidth-box nonhundred-percent-fullwidth non-hundred-percent-height-scrolling\"><div class=\"fusion-builder-row fusion-row \"><div class=\"fusion-layout-column fusion_builder_column fusion_builder_column_1_1 fusion-one-full fusion-column-first fusion-column-last 1_1\"><div class=\"fusion-column-wrapper\" data-bg-url=\"\"><div class=\"fusion-text\"><div class=\"fusion-fullwidth fullwidth-box nonhundred-percent-fullwidth non-hundred-percent-height-scrolling\"><div class=\"fusion-builder-row fusion-row \"><div class=\"fusion-layout-column fusion_builder_column fusion_builder_column_1_1  fusion-one-full fusion-column-first fusion-column-last 1_1\"><div class=\"fusion-column-wrapper\" data-bg-url=\"\"><div class=\"fusion-text\"><p><\/p><p><\/p><p><span>El cooperativismo es la cooperaci\u00f3n racional, transformado en una concepci\u00f3n doctrinaria con una filosof\u00eda, valores y principios que se practican en la actualidad como una concepci\u00f3n socioecon\u00f3mica, basada en la ayuda mutua y la solidaridad.<\/span><\/p><\/div><div class=\"fusion-clearfix\"><\/div><\/div><\/div><\/div><\/div><div class=\"fusion-fullwidth fullwidth-box nonhundred-percent-fullwidth non-hundred-percent-height-scrolling\"><div class=\"fusion-builder-row fusion-row \"><div class=\"fusion-layout-column fusion_builder_column fusion_builder_column_1_1  fusion-one-full fusion-column-first fusion-column-last 1_1\"><div class=\"fusion-column-wrapper\" data-bg-url=\"\"><div class=\"fusion-text\"><\/div><\/div><\/div><\/div><\/div><\/div><div class=\"fusion-clearfix\"><\/div><\/div><\/div><\/div><\/div><div class=\"fusion-fullwidth fullwidth-box nonhundred-percent-fullwidth non-hundred-percent-height-scrolling\"><div class=\"fusion-builder-row fusion-row \"><div class=\"fusion-layout-column fusion_builder_column fusion_builder_column_1_1 fusion-one-full fusion-column-first fusion-column-last 1_1\"><div class=\"fusion-column-wrapper\" data-bg-url=\"\"><div class=\"fusion-text\"><\/div><\/div><\/div><\/div><\/div>      <\/div>\r\n    <\/div>\r\n  <\/div>\r\n\t\t<\/div>\r\n\t\t\t<\/div>\n\t\t\t\t<\/div>\n\t\t\t\t\t<\/div>\n\t\t<\/div>\n\t\t\t\t\t<\/div>\n\t\t<\/section>\n\t\t\t\t<section class=\"elementor-section elementor-top-section elementor-element elementor-element-a7b90b1 elementor-section-boxed elementor-section-height-default elementor-section-height-default\" data-id=\"a7b90b1\" data-element_type=\"section\">\n\t\t\t\t\t\t<div class=\"elementor-container elementor-column-gap-default\">\n\t\t\t\t\t<div class=\"elementor-column elementor-col-100 elementor-top-column elementor-element elementor-element-d223cc7\" data-id=\"d223cc7\" data-element_type=\"column\">\n\t\t\t<div class=\"elementor-widget-wrap elementor-element-populated\">\n\t\t\t\t\t\t<div class=\"elementor-element elementor-element-668f622 elementor-widget elementor-widget-tm-ele-accordion\" data-id=\"668f622\" data-element_type=\"widget\" data-widget_type=\"tm-ele-accordion.skin-bordered\">\n\t\t\t\t<div class=\"elementor-widget-container\">\n\t\t\t\t\t<div id=\"accordion-holder-982742\" class=\"tm-accordion skin-bordered\">\r\n\t\r\n  <div class=\"card active\">\r\n    <div class=\"card-header p-0\" id=\"heading231\">\r\n      <h5 class=\"title \" data-bs-toggle=\"collapse\" data-bs-target=\"#collapse231\" aria-expanded=\"true\" aria-controls=\"collapse231\">\r\n        <span class=\"text\">\u00bfQu\u00e9 es una cooperativa?<\/span>\r\n        <span class=\"accordion-controls-icon\"><i class=\"fas fa-chevron-down\"><\/i><\/span>\r\n      <\/h5>\r\n    <\/div>\r\n    <div id=\"collapse231\" class=\"collapse show\" aria-labelledby=\"heading231\" data-bs-parent=\"#accordion-holder-982742\">\r\n      <div class=\"card-body\">\r\n        <div class=\"fusion-fullwidth fullwidth-box nonhundred-percent-fullwidth non-hundred-percent-height-scrolling\"><div class=\"fusion-builder-row fusion-row \"><div class=\"fusion-layout-column fusion_builder_column fusion_builder_column_1_1  fusion-one-full fusion-column-first fusion-column-last 1_1\"><div class=\"fusion-column-wrapper\" data-bg-url=\"\"><div class=\"fusion-text\"><p><\/p><p>Cooperaci\u00f3n significa trabajar juntos para alcanzar una meta com\u00fan.<\/p><\/div><div class=\"fusion-clearfix\"><\/div><\/div><\/div><\/div><\/div><div class=\"fusion-fullwidth fullwidth-box nonhundred-percent-fullwidth non-hundred-percent-height-scrolling\"><div class=\"fusion-builder-row fusion-row \"><div class=\"fusion-layout-column fusion_builder_column fusion_builder_column_1_1  fusion-one-full fusion-column-first fusion-column-last 1_1\"><div class=\"fusion-column-wrapper\" data-bg-url=\"\"><div class=\"fusion-text\"><\/div><\/div><\/div><\/div><\/div>      <\/div>\r\n    <\/div>\r\n  <\/div>\r\n\t\t<\/div>\r\n\t\t\t<\/div>\n\t\t\t\t<\/div>\n\t\t\t\t\t<\/div>\n\t\t<\/div>\n\t\t\t\t\t<\/div>\n\t\t<\/section>\n\t\t\t\t<section class=\"elementor-section elementor-top-section elementor-element elementor-element-67c9096 elementor-section-boxed elementor-section-height-default elementor-section-height-default\" data-id=\"67c9096\" data-element_type=\"section\">\n\t\t\t\t\t\t<div class=\"elementor-container elementor-column-gap-default\">\n\t\t\t\t\t<div class=\"elementor-column elementor-col-100 elementor-top-column elementor-element elementor-element-c4edc22\" data-id=\"c4edc22\" data-element_type=\"column\">\n\t\t\t<div class=\"elementor-widget-wrap elementor-element-populated\">\n\t\t\t\t\t\t<div class=\"elementor-element elementor-element-48137bd elementor-widget elementor-widget-tm-ele-accordion\" data-id=\"48137bd\" data-element_type=\"widget\" data-widget_type=\"tm-ele-accordion.skin-bordered\">\n\t\t\t\t<div class=\"elementor-widget-container\">\n\t\t\t\t\t<div id=\"accordion-holder-964980\" class=\"tm-accordion skin-bordered\">\r\n\t\r\n  <div class=\"card active\">\r\n    <div class=\"card-header p-0\" id=\"heading261\">\r\n      <h5 class=\"title \" data-bs-toggle=\"collapse\" data-bs-target=\"#collapse261\" aria-expanded=\"true\" aria-controls=\"collapse261\">\r\n        <span class=\"text\">Valores y principios cooperativos<\/span>\r\n        <span class=\"accordion-controls-icon\"><i class=\"fas fa-chevron-down\"><\/i><\/span>\r\n      <\/h5>\r\n    <\/div>\r\n    <div id=\"collapse261\" class=\"collapse show\" aria-labelledby=\"heading261\" data-bs-parent=\"#accordion-holder-964980\">\r\n      <div class=\"card-body\">\r\n        <div class=\"fusion-fullwidth fullwidth-box nonhundred-percent-fullwidth non-hundred-percent-height-scrolling\"><div class=\"fusion-builder-row fusion-row \"><div class=\"fusion-layout-column fusion_builder_column fusion_builder_column_1_1 fusion-one-full fusion-column-first fusion-column-last 1_1\"><div class=\"fusion-column-wrapper\" data-bg-url=\"\"><div class=\"fusion-text\"><p><\/p><p>Entendemos como valores, aquellas convicciones profundas de los seres humanos (y por extensi\u00f3n de las organizaciones creadas y gestionadas por las personas) que determinan su manera de ser y orientan su conducta.<\/p><p>Los valores tradicionales, universalmente reconocidos, del cooperativismo son: autoayuda, autorresponsabilidad, democracia, igualdad, equidad, solidaridad. Siguiendo la tradici\u00f3n de sus fundadores sus miembros creen en los valores \u00e9ticos de honestidad, transparencia, responsabilidad social y preocupaci\u00f3n por los dem\u00e1s.<\/p><p><em><u>Autoayuda y Autorresponsabilidad<\/u><\/em>. Se funda en la creencia de que cualquier persona puede y debe esforzarse por controlar su propio destino. Los cooperativistas asumen que el pleno desarrollo individual s\u00f3lo puede tener lugar en asociaci\u00f3n con otras personas.<\/p><p>La acci\u00f3n conjunta y la mutua responsabilidad permite a los individuos ampliar sus logros, adem\u00e1s de aumentar la influencia colectiva ante los gobiernos (respecto de la que podr\u00eda ejercer cada persona actuando aisladamente) y en el mercado.<\/p><p><em><u>Democracia<\/u><\/em>. La organizaci\u00f3n cooperativa debe ser gestionada democr\u00e1ticamente, es decir, con plena participaci\u00f3n de sus asociados, con voz y voto en las asambleas y a trav\u00e9s de la Junta de Directores cuando la Asamblea no se encuentra reunida. Los directivos de la Junta juegan en este sentido un rol muy importante en las cooperativas, ya que deben promover que el conjunto de los asociados participe en los procesos de gesti\u00f3n.<\/p><p><em><u>Igualdad<\/u><\/em>. En las cooperativas todos los asociados tienen iguales posibilidades de participar, de ser informados, de elegir y ser elegidos, de tomar decisiones, de exponer sus puntos de vista sobre la pol\u00edtica que deber\u00e1 seguir la cooperativa y de ejercer alg\u00fan cargo en la Junta de Directores, la Junta de Vigilancia o el Comit\u00e9 de Cr\u00e9dito.<\/p><p><em><u>Equidad<\/u><\/em>. Se refiere a la distribuci\u00f3n de los excedentes de la cooperativa. No debe confundirse equidad con igualdad. Equidad es dar a cada uno lo que le corresponde seg\u00fan sus m\u00e9ritos y condiciones. En el caso de las cooperativas, implica una distribuci\u00f3n proporcional a la participaci\u00f3n de los asociados, seg\u00fan el uso que hayan hecho de los servicios que la cooperativa presta (el cr\u00e9dito).<\/p><p><em><u>Solidaridad<\/u><\/em>. Es el valor esencial del cooperativismo. La solidaridad inclina al hombre a sentirse unido a sus semejantes en cooperaci\u00f3n con ellos. La solidaridad es dar para los dem\u00e1s y recibir de los dem\u00e1s. No es caridad; es un acto rec\u00edproco. En este sentido, una cooperativa es algo m\u00e1s que una agrupaci\u00f3n de asociados: es una colectividad. Este valor asegura que la acci\u00f3n com\u00fan no sea meramente una forma encubierta de inter\u00e9s limitado por uno mismo. La cooperativa vela por el inter\u00e9s colectivo de sus asociados, dado que los recursos financieros y sociales de la misma pertenecen al grupo; son producto de las energ\u00edas y la participaci\u00f3n conjunta.<\/p><p><strong>Principios cooperativos<\/strong><\/p><p>Los principios son reglas o normas de car\u00e1cter universal o mayormente universales, que orientan la acci\u00f3n del ser humano tanto individualmente como en su comportamiento en sociedad.<\/p><p>Los principios cooperativos constituyen un cuerpo normativo que las cooperativas deben aplicar en su actividad cotidiana, tanto en la vertiente social como en la econ\u00f3mica de su gesti\u00f3n. Traducen los valores cooperativos, en una gu\u00eda pr\u00e1ctica para la acci\u00f3n.<\/p><p><em><u>Primer Principio: Membres\u00eda abierta y voluntaria<\/u><\/em>. Las cooperativas son organizaciones voluntarias abiertas para todas aquellas personas dispuestas a utilizar sus servicios y dispuestas a aceptar las responsabilidades que conlleva la membres\u00eda sin discriminaci\u00f3n de g\u00e9nero, raza, clase social, posici\u00f3n pol\u00edtica o religiosa.<\/p><p><em><u>Segundo Principio: Control democr\u00e1tico de los miembros<\/u><\/em>. Las cooperativas son organizaciones democr\u00e1ticas controladas por sus miembros quienes participan activamente en la definici\u00f3n de las pol\u00edticas y en la toma de decisiones.<\/p><p>Los hombres y mujeres elegidos para representar a su cooperativa, responden ante los miembros. En las cooperativas de base los miembros tienen igual derecho de voto (un miembro, un voto), mientras en las cooperativas de otros niveles tambi\u00e9n se organizan con procedimientos democr\u00e1ticos.<\/p><p><em><u>Tercer Principio: Participaci\u00f3n econ\u00f3mica de los miembros<\/u><\/em>. Los miembros contribuyen de manera equitativa y controlan de manera democr\u00e1tica el capital de la cooperativa. Por lo menos una parte de ese capital es propiedad com\u00fan de la cooperativa.<\/p><p>Usualmente reciben una compensaci\u00f3n limitada, si es que la hay, sobre el capital suscrito como condici\u00f3n de membres\u00eda.<\/p><p>Los miembros asignan excedentes para cualquiera de los siguientes prop\u00f3sitos: El desarrollo de la cooperativa mediante la posible creaci\u00f3n de reservas, de la cual al menos una parte debe ser indivisible; los beneficios para los miembros en proporci\u00f3n con sus transacciones con la cooperativa; y el apoyo a otras actividades seg\u00fan lo apruebe la membres\u00eda.<\/p><p><em><u>Cuarto Principio: Autonom\u00eda e independencia<\/u><\/em>. Las cooperativas son organizaciones aut\u00f3nomas de ayuda mutua, controladas por sus miembros. Si entran en acuerdos con otras organizaciones (incluyendo gobiernos) o tienen capital de fuentes externas, lo realizan en t\u00e9rminos que aseguren el control democr\u00e1tico por parte de sus miembros y mantengan la autonom\u00eda de la cooperativa.<\/p><p><em><u>Quinto Principio: Educaci\u00f3n, formaci\u00f3n e informaci\u00f3n<\/u><\/em>. Las cooperativas brindan educaci\u00f3n y formaci\u00f3n a sus miembros, a sus dirigentes electos, gerentes y empleados, de tal forma que contribuyan eficazmente al desarrollo de sus cooperativas.<\/p><p>Las cooperativas informan al p\u00fablico en general, particularmente a j\u00f3venes y creadores de opini\u00f3n, acerca de la naturaleza y beneficios del cooperativismo.<\/p><p><em><u>Sexto Principio: Cooperaci\u00f3n entre cooperativas<\/u><\/em>. Las cooperativas sirven a sus miembros m\u00e1s eficazmente y fortalecen el movimiento cooperativo trabajando de manera conjunta por medio de estructuras locales, nacionales, regionales e internacionales.<\/p><p><em><u>S\u00e9ptimo Principio: Compromiso con la comunidad<\/u><\/em>. La cooperativa trabaja para el desarrollo sostenible de su comunidad por medio de pol\u00edticas aceptadas por sus miembros.<\/p><\/div><div class=\"fusion-clearfix\"><\/div><\/div><\/div><\/div><\/div><div class=\"fusion-fullwidth fullwidth-box nonhundred-percent-fullwidth non-hundred-percent-height-scrolling\"><div class=\"fusion-builder-row fusion-row \"><div class=\"fusion-layout-column fusion_builder_column fusion_builder_column_1_1 fusion-one-full fusion-column-first fusion-column-last 1_1\"><div class=\"fusion-column-wrapper\" data-bg-url=\"\"><div class=\"fusion-text\"><\/div><\/div><\/div><\/div><\/div>      <\/div>\r\n    <\/div>\r\n  <\/div>\r\n\t\t<\/div>\r\n\t\t\t<\/div>\n\t\t\t\t<\/div>\n\t\t\t\t\t<\/div>\n\t\t<\/div>\n\t\t\t\t\t<\/div>\n\t\t<\/section>\n\t\t\t\t<\/div>\n\t\t","protected":false},"excerpt":{"rendered":"<p>CACSA, R.L. se mantiene a la vanguardia con nuevas tecnolog\u00edas para hacer m\u00e1s f\u00e1cil la vida de nuestros usuarios.\u00a0 Lo&#8230;<\/p>\n","protected":false},"author":2,"featured_media":0,"parent":0,"menu_order":0,"comment_status":"closed","ping_status":"closed","template":"","meta":{"_monsterinsights_skip_tracking":false,"_monsterinsights_sitenote_active":false,"_monsterinsights_sitenote_note":"","_monsterinsights_sitenote_category":0,"footnotes":""},"class_list":["post-52723","page","type-page","status-publish","hentry"],"aioseo_notices":[],"_links":{"self":[{"href":"https:\/\/www.cacsa.com.pa\/index.php?rest_route=\/wp\/v2\/pages\/52723","targetHints":{"allow":["GET"]}}],"collection":[{"href":"https:\/\/www.cacsa.com.pa\/index.php?rest_route=\/wp\/v2\/pages"}],"about":[{"href":"https:\/\/www.cacsa.com.pa\/index.php?rest_route=\/wp\/v2\/types\/page"}],"author":[{"embeddable":true,"href":"https:\/\/www.cacsa.com.pa\/index.php?rest_route=\/wp\/v2\/users\/2"}],"replies":[{"embeddable":true,"href":"https:\/\/www.cacsa.com.pa\/index.php?rest_route=%2Fwp%2Fv2%2Fcomments&post=52723"}],"version-history":[{"count":10,"href":"https:\/\/www.cacsa.com.pa\/index.php?rest_route=\/wp\/v2\/pages\/52723\/revisions"}],"predecessor-version":[{"id":52733,"href":"https:\/\/www.cacsa.com.pa\/index.php?rest_route=\/wp\/v2\/pages\/52723\/revisions\/52733"}],"wp:attachment":[{"href":"https:\/\/www.cacsa.com.pa\/index.php?rest_route=%2Fwp%2Fv2%2Fmedia&parent=52723"}],"curies":[{"name":"wp","href":"https:\/\/api.w.org\/{rel}","templated":true}]}}